{"id":931,"date":"2024-07-08T02:19:51","date_gmt":"2024-07-08T02:19:51","guid":{"rendered":"https:\/\/www.manantialradio.cl\/web\/?page_id=931"},"modified":"2025-04-22T21:58:34","modified_gmt":"2025-04-22T21:58:34","slug":"pogramacion","status":"publish","type":"page","link":"https:\/\/www.manantialradio.cl\/web\/pogramacion\/","title":{"rendered":"PROGRAMACION"},"content":{"rendered":"\n<p><strong>Radio Manantial de El Carmen \u00f1uble<\/strong>.<br>Es una emisora Carmelina.<br>Radio Manantial crear\u00e1 mecanismos para fortalecer la participaci\u00f3n ciudadana y asegurar los derechos de la comunicaci\u00f3n e informaci\u00f3n de todas las personas en forma individual o colectiva, que garantice una comunicaci\u00f3n libre, intercultural y diversa.<\/p>\n\n\n\n<h2 class=\"wp-block-heading\"><strong>PROGRAMACION RADIAL<\/strong><\/h2>\n\n\n\n<ul class=\"wp-block-list\">\n<li>00:70 HASTA LAS 08:00 &#8211; M\u00daSICA ROM\u00c1NTICA.<\/li>\n\n\n\n<li>09:00 HASTA LAS 12:00 &#8211; CONQUISTANDO LA MA\u00d1ANA CON ALEJANDRO MART\u00cdNEZ.<\/li>\n\n\n\n<li>12:00 HASTA LAS 12:30 &#8211; PROGRAMA MUNICIPAL INFORMACI\u00d3N DE LA COMUNA DEL CARMEN.<\/li>\n\n\n\n<li>12:35 HASTA LAS 15:55 &#8211; M\u00daSICA VARIADA<\/li>\n\n\n\n<li>16:00 HASTA LAS 17:55 &#8211; ZONA DE RECUERDOS<\/li>\n\n\n\n<li>18:00 HASTA LAS 20:00 &#8211; ATARDECER RANCHERO CON LA CONDUCCI\u00d3N DE MANUEL JEREZ TODA LA M\u00daSICA TROPICAL Y RANCHERA DEL PA\u00cdS DEL NORTE.<\/li>\n\n\n\n<li>20:05 HASTA LAS 00:00 &#8211; M\u00daSICA&nbsp;LATINA.<br><\/li>\n<\/ul>\n","protected":false},"excerpt":{"rendered":"<p>Radio Manantial de El Carmen \u00f1uble.Es una emisora Carmelina.Radio Manantial crear\u00e1 mecanismos para fortalecer la participaci\u00f3n ciudadana y asegurar los derechos de la comunicaci\u00f3n e informaci\u00f3n de todas las personas en forma individual o colectiva, que garantice una comunicaci\u00f3n libre,&#8230;<\/p>\n","protected":false},"author":1,"featured_media":0,"parent":0,"menu_order":0,"comment_status":"closed","ping_status":"closed","template":"","meta":{"footnotes":""},"class_list":["post-931","page","type-page","status-publish","hentry"],"_links":{"self":[{"href":"https:\/\/www.manantialradio.cl\/web\/wp-json\/wp\/v2\/pages\/931","targetHints":{"allow":["GET"]}}],"collection":[{"href":"https:\/\/www.manantialradio.cl\/web\/wp-json\/wp\/v2\/pages"}],"about":[{"href":"https:\/\/www.manantialradio.cl\/web\/wp-json\/wp\/v2\/types\/page"}],"author":[{"embeddable":true,"href":"https:\/\/www.manantialradio.cl\/web\/wp-json\/wp\/v2\/users\/1"}],"replies":[{"embeddable":true,"href":"https:\/\/www.manantialradio.cl\/web\/wp-json\/wp\/v2\/comments?post=931"}],"version-history":[{"count":4,"href":"https:\/\/www.manantialradio.cl\/web\/wp-json\/wp\/v2\/pages\/931\/revisions"}],"predecessor-version":[{"id":1918,"href":"https:\/\/www.manantialradio.cl\/web\/wp-json\/wp\/v2\/pages\/931\/revisions\/1918"}],"wp:attachment":[{"href":"https:\/\/www.manantialradio.cl\/web\/wp-json\/wp\/v2\/media?parent=931"}],"curies":[{"name":"wp","href":"https:\/\/api.w.org\/{rel}","templated":true}]}}